{"id":61,"date":"2018-10-29T21:24:17","date_gmt":"2018-10-29T21:24:17","guid":{"rendered":"https:\/\/targetseguridad.com.ec\/wordpress\/?page_id=61"},"modified":"2026-01-21T20:55:26","modified_gmt":"2026-01-21T20:55:26","slug":"servicios","status":"publish","type":"page","link":"https:\/\/targetseguridad.com.ec\/wordpress\/servicios\/","title":{"rendered":"Servicios"},"content":{"rendered":"\t\t<div data-elementor-type=\"wp-post\" data-elementor-id=\"61\" class=\"elementor elementor-61\">\n\t\t\t\t<div class=\"elementor-element elementor-element-b9adf93 e-flex e-con-boxed e-con e-parent\" data-id=\"b9adf93\" data-element_type=\"container\">\n\t\t\t\t\t<div class=\"e-con-inner\">\n\t\t\t\t<div class=\"elementor-element elementor-element-f344d77 elementor-widget elementor-widget-heading\" data-id=\"f344d77\" data-element_type=\"widget\" data-widget_type=\"heading.default\">\n\t\t\t\t<div class=\"elementor-widget-container\">\n\t\t\t\t\t<h2 class=\"elementor-heading-title elementor-size-default\">SERVICIOS<\/h2>\t\t\t\t<\/div>\n\t\t\t\t<\/div>\n\t\t\t\t\t<\/div>\n\t\t\t\t<\/div>\n\t\t\t\t<section class=\"elementor-section elementor-top-section elementor-element elementor-element-e000257 elementor-section-boxed elementor-section-height-default elementor-section-height-default\" data-id=\"e000257\" data-element_type=\"section\">\n\t\t\t\t\t\t<div class=\"elementor-container elementor-column-gap-default\">\n\t\t\t\t\t<div class=\"elementor-column elementor-col-100 elementor-top-column elementor-element elementor-element-9ca2cc6\" data-id=\"9ca2cc6\" data-element_type=\"column\">\n\t\t\t<div class=\"elementor-widget-wrap elementor-element-populated\">\n\t\t\t\t\t\t<div class=\"elementor-element elementor-element-1404ead3 elementor-widget elementor-widget-image\" data-id=\"1404ead3\" data-element_type=\"widget\" data-widget_type=\"image.default\">\n\t\t\t\t<div class=\"elementor-widget-container\">\n\t\t\t\t\t\t\t\t\t\t\t\t\t\t\t<img fetchpriority=\"high\" decoding=\"async\" width=\"2048\" height=\"1080\" src=\"https:\/\/targetseguridad.com.ec\/wordpress\/wp-content\/uploads\/2026\/01\/FOTO4.jpg\" class=\"attachment-full size-full wp-image-483\" alt=\"\" srcset=\"https:\/\/targetseguridad.com.ec\/wordpress\/wp-content\/uploads\/2026\/01\/FOTO4.jpg 2048w, https:\/\/targetseguridad.com.ec\/wordpress\/wp-content\/uploads\/2026\/01\/FOTO4-300x158.jpg 300w, https:\/\/targetseguridad.com.ec\/wordpress\/wp-content\/uploads\/2026\/01\/FOTO4-1024x540.jpg 1024w, https:\/\/targetseguridad.com.ec\/wordpress\/wp-content\/uploads\/2026\/01\/FOTO4-768x405.jpg 768w, https:\/\/targetseguridad.com.ec\/wordpress\/wp-content\/uploads\/2026\/01\/FOTO4-1536x810.jpg 1536w\" sizes=\"(max-width: 2048px) 100vw, 2048px\" \/>\t\t\t\t\t\t\t\t\t\t\t\t\t\t\t<\/div>\n\t\t\t\t<\/div>\n\t\t\t\t\t<\/div>\n\t\t<\/div>\n\t\t\t\t\t<\/div>\n\t\t<\/section>\n\t\t\t\t<section class=\"elementor-section elementor-top-section elementor-element elementor-element-b59ed4b elementor-section-boxed elementor-section-height-default elementor-section-height-default\" data-id=\"b59ed4b\" data-element_type=\"section\">\n\t\t\t\t\t\t<div class=\"elementor-container elementor-column-gap-default\">\n\t\t\t\t\t<div class=\"elementor-column elementor-col-25 elementor-top-column elementor-element elementor-element-1b210c3\" data-id=\"1b210c3\" data-element_type=\"column\">\n\t\t\t<div class=\"elementor-widget-wrap elementor-element-populated\">\n\t\t\t\t\t\t<div class=\"elementor-element elementor-element-e79cd21 elementor-view-framed elementor-shape-circle elementor-position-block-start elementor-mobile-position-block-start elementor-invisible elementor-widget elementor-widget-icon-box\" data-id=\"e79cd21\" data-element_type=\"widget\" data-settings=\"{&quot;_animation&quot;:&quot;fadeInDown&quot;}\" data-widget_type=\"icon-box.default\">\n\t\t\t\t<div class=\"elementor-widget-container\">\n\t\t\t\t\t\t\t<div class=\"elementor-icon-box-wrapper\">\n\n\t\t\t\t\t\t<div class=\"elementor-icon-box-icon\">\n\t\t\t\t<span  class=\"elementor-icon elementor-animation-pulse\">\n\t\t\t\t<i class=\"fa fa-unlock-alt\" aria-hidden=\"true\"><\/i>\t\t\t\t<\/span>\n\t\t\t<\/div>\n\t\t\t\n\t\t\t\t\t\t<div class=\"elementor-icon-box-content\">\n\n\t\t\t\t\t\t\t\t\t<h3 class=\"elementor-icon-box-title\">\n\t\t\t\t\t\t<span  >\n\t\t\t\t\t\t\tSEGURIDAD F\u00cdSICA Y ELECTR\u00d3NICA.\u200b\t\t\t\t\t\t<\/span>\n\t\t\t\t\t<\/h3>\n\t\t\t\t\n\t\t\t\t\n\t\t\t<\/div>\n\t\t\t\n\t\t<\/div>\n\t\t\t\t\t\t<\/div>\n\t\t\t\t<\/div>\n\t\t\t\t\t<\/div>\n\t\t<\/div>\n\t\t\t\t<div class=\"elementor-column elementor-col-25 elementor-top-column elementor-element elementor-element-135a63e\" data-id=\"135a63e\" data-element_type=\"column\">\n\t\t\t<div class=\"elementor-widget-wrap elementor-element-populated\">\n\t\t\t\t\t\t<div class=\"elementor-element elementor-element-17a8dc9 elementor-view-framed elementor-shape-circle elementor-position-block-start elementor-mobile-position-block-start elementor-invisible elementor-widget elementor-widget-icon-box\" data-id=\"17a8dc9\" data-element_type=\"widget\" data-settings=\"{&quot;_animation&quot;:&quot;fadeInDown&quot;}\" data-widget_type=\"icon-box.default\">\n\t\t\t\t<div class=\"elementor-widget-container\">\n\t\t\t\t\t\t\t<div class=\"elementor-icon-box-wrapper\">\n\n\t\t\t\t\t\t<div class=\"elementor-icon-box-icon\">\n\t\t\t\t<span  class=\"elementor-icon elementor-animation-pulse\">\n\t\t\t\t<i class=\"fa fa-user-secret\" aria-hidden=\"true\"><\/i>\t\t\t\t<\/span>\n\t\t\t<\/div>\n\t\t\t\n\t\t\t\t\t\t<div class=\"elementor-icon-box-content\">\n\n\t\t\t\t\t\t\t\t\t<h3 class=\"elementor-icon-box-title\">\n\t\t\t\t\t\t<span  >\n\t\t\t\t\t\t\tPROTECCI\u00d3N DE EJECUTIVOS P.P.I.\t\t\t\t\t\t<\/span>\n\t\t\t\t\t<\/h3>\n\t\t\t\t\n\t\t\t\t\n\t\t\t<\/div>\n\t\t\t\n\t\t<\/div>\n\t\t\t\t\t\t<\/div>\n\t\t\t\t<\/div>\n\t\t\t\t\t<\/div>\n\t\t<\/div>\n\t\t\t\t<div class=\"elementor-column elementor-col-25 elementor-top-column elementor-element elementor-element-ddc850c\" data-id=\"ddc850c\" data-element_type=\"column\">\n\t\t\t<div class=\"elementor-widget-wrap elementor-element-populated\">\n\t\t\t\t\t\t<div class=\"elementor-element elementor-element-270b066 elementor-view-framed elementor-shape-circle elementor-position-block-start elementor-mobile-position-block-start elementor-invisible elementor-widget elementor-widget-icon-box\" data-id=\"270b066\" data-element_type=\"widget\" data-settings=\"{&quot;_animation&quot;:&quot;fadeInDown&quot;}\" data-widget_type=\"icon-box.default\">\n\t\t\t\t<div class=\"elementor-widget-container\">\n\t\t\t\t\t\t\t<div class=\"elementor-icon-box-wrapper\">\n\n\t\t\t\t\t\t<div class=\"elementor-icon-box-icon\">\n\t\t\t\t<span  class=\"elementor-icon elementor-animation-pulse\">\n\t\t\t\t<i class=\"fa fa-thumbs-o-up\" aria-hidden=\"true\"><\/i>\t\t\t\t<\/span>\n\t\t\t<\/div>\n\t\t\t\n\t\t\t\t\t\t<div class=\"elementor-icon-box-content\">\n\n\t\t\t\t\t\t\t\t\t<h3 class=\"elementor-icon-box-title\">\n\t\t\t\t\t\t<span  >\n\t\t\t\t\t\t\tADMINISTRACI\u00d3N DE RIESGOS.\t\t\t\t\t\t<\/span>\n\t\t\t\t\t<\/h3>\n\t\t\t\t\n\t\t\t\t\n\t\t\t<\/div>\n\t\t\t\n\t\t<\/div>\n\t\t\t\t\t\t<\/div>\n\t\t\t\t<\/div>\n\t\t\t\t\t<\/div>\n\t\t<\/div>\n\t\t\t\t<div class=\"elementor-column elementor-col-25 elementor-top-column elementor-element elementor-element-fc0b5ea\" data-id=\"fc0b5ea\" data-element_type=\"column\">\n\t\t\t<div class=\"elementor-widget-wrap elementor-element-populated\">\n\t\t\t\t\t\t<div class=\"elementor-element elementor-element-55bcbb5 elementor-view-framed elementor-shape-circle elementor-position-block-start elementor-mobile-position-block-start elementor-invisible elementor-widget elementor-widget-icon-box\" data-id=\"55bcbb5\" data-element_type=\"widget\" data-settings=\"{&quot;_animation&quot;:&quot;fadeInDown&quot;}\" data-widget_type=\"icon-box.default\">\n\t\t\t\t<div class=\"elementor-widget-container\">\n\t\t\t\t\t\t\t<div class=\"elementor-icon-box-wrapper\">\n\n\t\t\t\t\t\t<div class=\"elementor-icon-box-icon\">\n\t\t\t\t<span  class=\"elementor-icon elementor-animation-pulse\">\n\t\t\t\t<i class=\"fa fa-group\" aria-hidden=\"true\"><\/i>\t\t\t\t<\/span>\n\t\t\t<\/div>\n\t\t\t\n\t\t\t\t\t\t<div class=\"elementor-icon-box-content\">\n\n\t\t\t\t\t\t\t\t\t<h3 class=\"elementor-icon-box-title\">\n\t\t\t\t\t\t<span  >\n\t\t\t\t\t\t\tSEGURIDAD PARA EVENTOS.\t\t\t\t\t\t<\/span>\n\t\t\t\t\t<\/h3>\n\t\t\t\t\n\t\t\t\t\n\t\t\t<\/div>\n\t\t\t\n\t\t<\/div>\n\t\t\t\t\t\t<\/div>\n\t\t\t\t<\/div>\n\t\t\t\t\t<\/div>\n\t\t<\/div>\n\t\t\t\t\t<\/div>\n\t\t<\/section>\n\t\t\t\t<section class=\"elementor-section elementor-top-section elementor-element elementor-element-6649b0e elementor-section-boxed elementor-section-height-default elementor-section-height-default\" data-id=\"6649b0e\" data-element_type=\"section\">\n\t\t\t\t\t\t<div class=\"elementor-container elementor-column-gap-default\">\n\t\t\t\t\t<div class=\"elementor-column elementor-col-25 elementor-top-column elementor-element elementor-element-c46df51\" data-id=\"c46df51\" data-element_type=\"column\">\n\t\t\t<div class=\"elementor-widget-wrap elementor-element-populated\">\n\t\t\t\t\t\t<div class=\"elementor-element elementor-element-db2473a elementor-view-framed elementor-shape-circle elementor-position-block-start elementor-mobile-position-block-start elementor-invisible elementor-widget elementor-widget-icon-box\" data-id=\"db2473a\" data-element_type=\"widget\" data-settings=\"{&quot;_animation&quot;:&quot;fadeInDown&quot;}\" data-widget_type=\"icon-box.default\">\n\t\t\t\t<div class=\"elementor-widget-container\">\n\t\t\t\t\t\t\t<div class=\"elementor-icon-box-wrapper\">\n\n\t\t\t\t\t\t<div class=\"elementor-icon-box-icon\">\n\t\t\t\t<span  class=\"elementor-icon elementor-animation-pulse\">\n\t\t\t\t<i class=\"fa fa-eye\" aria-hidden=\"true\"><\/i>\t\t\t\t<\/span>\n\t\t\t<\/div>\n\t\t\t\n\t\t\t\t\t\t<div class=\"elementor-icon-box-content\">\n\n\t\t\t\t\t\t\t\t\t<h3 class=\"elementor-icon-box-title\">\n\t\t\t\t\t\t<span  >\n\t\t\t\t\t\t\tCUSTODIA ACTIVA PORTUARIA CON RASTREO SAT\u00c9LITE.\t\t\t\t\t\t<\/span>\n\t\t\t\t\t<\/h3>\n\t\t\t\t\n\t\t\t\t\n\t\t\t<\/div>\n\t\t\t\n\t\t<\/div>\n\t\t\t\t\t\t<\/div>\n\t\t\t\t<\/div>\n\t\t\t\t\t<\/div>\n\t\t<\/div>\n\t\t\t\t<div class=\"elementor-column elementor-col-25 elementor-top-column elementor-element elementor-element-73fc064\" data-id=\"73fc064\" data-element_type=\"column\">\n\t\t\t<div class=\"elementor-widget-wrap elementor-element-populated\">\n\t\t\t\t\t\t<div class=\"elementor-element elementor-element-c3decd7 elementor-view-framed elementor-shape-circle elementor-position-block-start elementor-mobile-position-block-start elementor-invisible elementor-widget elementor-widget-icon-box\" data-id=\"c3decd7\" data-element_type=\"widget\" data-settings=\"{&quot;_animation&quot;:&quot;fadeInDown&quot;}\" data-widget_type=\"icon-box.default\">\n\t\t\t\t<div class=\"elementor-widget-container\">\n\t\t\t\t\t\t\t<div class=\"elementor-icon-box-wrapper\">\n\n\t\t\t\t\t\t<div class=\"elementor-icon-box-icon\">\n\t\t\t\t<span  class=\"elementor-icon elementor-animation-pulse\">\n\t\t\t\t<i class=\"fa fa-laptop\" aria-hidden=\"true\"><\/i>\t\t\t\t<\/span>\n\t\t\t<\/div>\n\t\t\t\n\t\t\t\t\t\t<div class=\"elementor-icon-box-content\">\n\n\t\t\t\t\t\t\t\t\t<h3 class=\"elementor-icon-box-title\">\n\t\t\t\t\t\t<span  >\n\t\t\t\t\t\t\tSEGURIDAD ELECTR\u00d3NICA: VENTA, INSPECCI\u00d3N.\t\t\t\t\t\t<\/span>\n\t\t\t\t\t<\/h3>\n\t\t\t\t\n\t\t\t\t\n\t\t\t<\/div>\n\t\t\t\n\t\t<\/div>\n\t\t\t\t\t\t<\/div>\n\t\t\t\t<\/div>\n\t\t\t\t\t<\/div>\n\t\t<\/div>\n\t\t\t\t<div class=\"elementor-column elementor-col-25 elementor-top-column elementor-element elementor-element-a449307\" data-id=\"a449307\" data-element_type=\"column\">\n\t\t\t<div class=\"elementor-widget-wrap elementor-element-populated\">\n\t\t\t\t\t\t<div class=\"elementor-element elementor-element-5fe040d elementor-view-framed elementor-shape-circle elementor-position-block-start elementor-mobile-position-block-start elementor-invisible elementor-widget elementor-widget-icon-box\" data-id=\"5fe040d\" data-element_type=\"widget\" data-settings=\"{&quot;_animation&quot;:&quot;fadeInDown&quot;}\" data-widget_type=\"icon-box.default\">\n\t\t\t\t<div class=\"elementor-widget-container\">\n\t\t\t\t\t\t\t<div class=\"elementor-icon-box-wrapper\">\n\n\t\t\t\t\t\t<div class=\"elementor-icon-box-icon\">\n\t\t\t\t<span  class=\"elementor-icon elementor-animation-pulse\">\n\t\t\t\t<i class=\"fa fa-keyboard-o\" aria-hidden=\"true\"><\/i>\t\t\t\t<\/span>\n\t\t\t<\/div>\n\t\t\t\n\t\t\t\t\t\t<div class=\"elementor-icon-box-content\">\n\n\t\t\t\t\t\t\t\t\t<h3 class=\"elementor-icon-box-title\">\n\t\t\t\t\t\t<span  >\n\t\t\t\t\t\t\tINSTALACI\u00d3N, PROGRAMACI\u00d3N, MONITOREO Y R.A.I.\t\t\t\t\t\t<\/span>\n\t\t\t\t\t<\/h3>\n\t\t\t\t\n\t\t\t\t\n\t\t\t<\/div>\n\t\t\t\n\t\t<\/div>\n\t\t\t\t\t\t<\/div>\n\t\t\t\t<\/div>\n\t\t\t\t\t<\/div>\n\t\t<\/div>\n\t\t\t\t<div class=\"elementor-column elementor-col-25 elementor-top-column elementor-element elementor-element-7ee03cd\" data-id=\"7ee03cd\" data-element_type=\"column\">\n\t\t\t<div class=\"elementor-widget-wrap elementor-element-populated\">\n\t\t\t\t\t\t<div class=\"elementor-element elementor-element-73cfee2 elementor-view-framed elementor-shape-circle elementor-position-block-start elementor-mobile-position-block-start elementor-invisible elementor-widget elementor-widget-icon-box\" data-id=\"73cfee2\" data-element_type=\"widget\" data-settings=\"{&quot;_animation&quot;:&quot;fadeInDown&quot;}\" data-widget_type=\"icon-box.default\">\n\t\t\t\t<div class=\"elementor-widget-container\">\n\t\t\t\t\t\t\t<div class=\"elementor-icon-box-wrapper\">\n\n\t\t\t\t\t\t<div class=\"elementor-icon-box-icon\">\n\t\t\t\t<span  class=\"elementor-icon elementor-animation-pulse\">\n\t\t\t\t<i class=\"fa fa-key\" aria-hidden=\"true\"><\/i>\t\t\t\t<\/span>\n\t\t\t<\/div>\n\t\t\t\n\t\t\t\t\t\t<div class=\"elementor-icon-box-content\">\n\n\t\t\t\t\t\t\t\t\t<h3 class=\"elementor-icon-box-title\">\n\t\t\t\t\t\t<span  >\n\t\t\t\t\t\t\tSEGURIDAD F\u00cdSICA Y ELECTR\u00d3NICA.\t\t\t\t\t\t<\/span>\n\t\t\t\t\t<\/h3>\n\t\t\t\t\n\t\t\t\t\n\t\t\t<\/div>\n\t\t\t\n\t\t<\/div>\n\t\t\t\t\t\t<\/div>\n\t\t\t\t<\/div>\n\t\t\t\t\t<\/div>\n\t\t<\/div>\n\t\t\t\t\t<\/div>\n\t\t<\/section>\n\t\t\t\t<section class=\"elementor-section elementor-top-section elementor-element elementor-element-1d828d3 elementor-section-content-middle elementor-section-boxed elementor-section-height-default elementor-section-height-default\" data-id=\"1d828d3\" data-element_type=\"section\">\n\t\t\t\t\t\t<div class=\"elementor-container elementor-column-gap-no\">\n\t\t\t\t\t<div class=\"elementor-column elementor-col-100 elementor-top-column elementor-element elementor-element-4ebefacb\" data-id=\"4ebefacb\" data-element_type=\"column\">\n\t\t\t<div class=\"elementor-widget-wrap elementor-element-populated\">\n\t\t\t\t\t\t<div class=\"elementor-element elementor-element-919978f elementor-widget elementor-widget-image-gallery\" data-id=\"919978f\" data-element_type=\"widget\" data-widget_type=\"image-gallery.default\">\n\t\t\t\t<div class=\"elementor-widget-container\">\n\t\t\t\t\t\t\t<div class=\"elementor-image-gallery\">\n\t\t\t<div id='gallery-1' class='gallery galleryid-61 gallery-columns-4 gallery-size-full'><figure class='gallery-item'>\n\t\t\t<div class='gallery-icon landscape'>\n\t\t\t\t<a data-elementor-open-lightbox=\"no\" href='https:\/\/targetseguridad.com.ec\/wordpress\/wp-content\/uploads\/2018\/10\/imagen-target-seguridad-servicios2-crop-u1436.png'><img decoding=\"async\" width=\"169\" height=\"134\" src=\"https:\/\/targetseguridad.com.ec\/wordpress\/wp-content\/uploads\/2018\/10\/imagen-target-seguridad-servicios2-crop-u1436.png\" class=\"attachment-full size-full\" alt=\"\" \/><\/a>\n\t\t\t<\/div><\/figure><figure class='gallery-item'>\n\t\t\t<div class='gallery-icon landscape'>\n\t\t\t\t<a data-elementor-open-lightbox=\"no\" href='https:\/\/targetseguridad.com.ec\/wordpress\/wp-content\/uploads\/2018\/10\/imagen-target-seguridad-servicios3.png'><img decoding=\"async\" width=\"210\" height=\"167\" src=\"https:\/\/targetseguridad.com.ec\/wordpress\/wp-content\/uploads\/2018\/10\/imagen-target-seguridad-servicios3.png\" class=\"attachment-full size-full\" alt=\"\" \/><\/a>\n\t\t\t<\/div><\/figure><figure class='gallery-item'>\n\t\t\t<div class='gallery-icon landscape'>\n\t\t\t\t<a data-elementor-open-lightbox=\"no\" href='https:\/\/targetseguridad.com.ec\/wordpress\/wp-content\/uploads\/2018\/10\/imagen-target-seguridad-servicios4.png'><img loading=\"lazy\" decoding=\"async\" width=\"310\" height=\"161\" src=\"https:\/\/targetseguridad.com.ec\/wordpress\/wp-content\/uploads\/2018\/10\/imagen-target-seguridad-servicios4.png\" class=\"attachment-full size-full\" alt=\"\" srcset=\"https:\/\/targetseguridad.com.ec\/wordpress\/wp-content\/uploads\/2018\/10\/imagen-target-seguridad-servicios4.png 310w, https:\/\/targetseguridad.com.ec\/wordpress\/wp-content\/uploads\/2018\/10\/imagen-target-seguridad-servicios4-300x156.png 300w\" sizes=\"(max-width: 310px) 100vw, 310px\" \/><\/a>\n\t\t\t<\/div><\/figure><figure class='gallery-item'>\n\t\t\t<div class='gallery-icon landscape'>\n\t\t\t\t<a data-elementor-open-lightbox=\"no\" href='https:\/\/targetseguridad.com.ec\/wordpress\/wp-content\/uploads\/2018\/10\/imagen-target-seguridad-servicios5.png'><img loading=\"lazy\" decoding=\"async\" width=\"310\" height=\"161\" src=\"https:\/\/targetseguridad.com.ec\/wordpress\/wp-content\/uploads\/2018\/10\/imagen-target-seguridad-servicios5.png\" class=\"attachment-full size-full\" alt=\"\" srcset=\"https:\/\/targetseguridad.com.ec\/wordpress\/wp-content\/uploads\/2018\/10\/imagen-target-seguridad-servicios5.png 310w, https:\/\/targetseguridad.com.ec\/wordpress\/wp-content\/uploads\/2018\/10\/imagen-target-seguridad-servicios5-300x156.png 300w\" sizes=\"(max-width: 310px) 100vw, 310px\" \/><\/a>\n\t\t\t<\/div><\/figure>\n\t\t<\/div>\n\t\t<\/div>\n\t\t\t\t\t\t<\/div>\n\t\t\t\t<\/div>\n\t\t\t\t<div class=\"elementor-element elementor-element-814c771 elementor-widget elementor-widget-heading\" data-id=\"814c771\" data-element_type=\"widget\" data-widget_type=\"heading.default\">\n\t\t\t\t<div class=\"elementor-widget-container\">\n\t\t\t\t\t<h3 class=\"elementor-heading-title elementor-size-default\">Target Seguridad M\u00e1xima<\/h3>\t\t\t\t<\/div>\n\t\t\t\t<\/div>\n\t\t\t\t<div class=\"elementor-element elementor-element-53a76b8d elementor-widget elementor-widget-text-editor\" data-id=\"53a76b8d\" data-element_type=\"widget\" data-widget_type=\"text-editor.default\">\n\t\t\t\t<div class=\"elementor-widget-container\">\n\t\t\t\t\t\t\t\t\t<p>Ofrecemos servicios integrales mediante la fusi\u00f3n de equipos tecnol\u00f3gicos y recursos humanos altamente capacitados.\u00a0AI mismo tiempo, proporcionamos r\u00e1pida respuesta y ponernos en practica soluciones comprensivas para satisfacer eficazmente las necesidades del cliente.<\/p>\t\t\t\t\t\t\t\t<\/div>\n\t\t\t\t<\/div>\n\t\t\t\t<section class=\"elementor-section elementor-inner-section elementor-element elementor-element-5d52d555 elementor-section-boxed elementor-section-height-default elementor-section-height-default\" data-id=\"5d52d555\" data-element_type=\"section\">\n\t\t\t\t\t\t<div class=\"elementor-container elementor-column-gap-default\">\n\t\t\t\t\t<div class=\"elementor-column elementor-col-50 elementor-inner-column elementor-element elementor-element-472392bb\" data-id=\"472392bb\" data-element_type=\"column\">\n\t\t\t<div class=\"elementor-widget-wrap elementor-element-populated\">\n\t\t\t\t\t\t<div class=\"elementor-element elementor-element-70b377c elementor-widget elementor-widget-text-editor\" data-id=\"70b377c\" data-element_type=\"widget\" data-widget_type=\"text-editor.default\">\n\t\t\t\t<div class=\"elementor-widget-container\">\n\t\t\t\t\t\t\t\t\t<p id=\"u1802-9\" class=\"shared_content\" data-content-guid=\"u1802-9_content\">Somos lideres en gesti\u00f3n de seguridad y mantenimiento a nivel nacional, establecemos objetivos, metas y procedimientos aplicando tecnolog\u00eda avanzada como Io exigen los tiempos actuales<\/p><p id=\"u1802-12\" class=\"shared_content\" data-content-guid=\"u1802-12_content\">Ofrecemos seguridad integral, vigilancia y monitoreo en \u00e1reas sensibles y zonas perimetrales\u00a0 aI mismo tiempo, mantenimiento y limpieza de centros comerciales, Industrias y Torres Corporativas.<\/p>\t\t\t\t\t\t\t\t<\/div>\n\t\t\t\t<\/div>\n\t\t\t\t\t<\/div>\n\t\t<\/div>\n\t\t\t\t<div class=\"elementor-column elementor-col-50 elementor-inner-column elementor-element elementor-element-790cab4f\" data-id=\"790cab4f\" data-element_type=\"column\">\n\t\t\t<div class=\"elementor-widget-wrap elementor-element-populated\">\n\t\t\t\t\t\t<div class=\"elementor-element elementor-element-19b5e6f8 elementor-widget elementor-widget-text-editor\" data-id=\"19b5e6f8\" data-element_type=\"widget\" data-widget_type=\"text-editor.default\">\n\t\t\t\t<div class=\"elementor-widget-container\">\n\t\t\t\t\t\t\t\t\t<p id=\"u1802-15\" class=\"shared_content\" data-content-guid=\"u1802-15_content\">Soporte externo con un alto nivel de calidad y excelencia, cubriendo las necesidades de seguridad, limpieza y mantenimiento cotidiano, as\u00ed. como una amplia gama de servicios especializados en todo tipo de edificaciones.<\/p><p id=\"u1802-18\" class=\"shared_content\" data-content-guid=\"u1802-18_content\">Estamos comprometidos completamente a Ia satisfacci\u00f3n del cliente y nos esforzamos en poner en practica soluciones comprensivas e integradas, buscando continuamente mejorar la capacidad y calidad de los servicios proporcionados<\/p>\t\t\t\t\t\t\t\t<\/div>\n\t\t\t\t<\/div>\n\t\t\t\t\t<\/div>\n\t\t<\/div>\n\t\t\t\t\t<\/div>\n\t\t<\/section>\n\t\t\t\t\t<\/div>\n\t\t<\/div>\n\t\t\t\t\t<\/div>\n\t\t<\/section>\n\t\t\t\t<\/div>\n\t\t","protected":false},"excerpt":{"rendered":"<p>SERVICIOS SEGURIDAD F\u00cdSICA Y ELECTR\u00d3NICA.\u200b PROTECCI\u00d3N DE EJECUTIVOS P.P.I. ADMINISTRACI\u00d3N DE RIESGOS. SEGURIDAD PARA EVENTOS. CUSTODIA ACTIVA PORTUARIA CON RASTREO SAT\u00c9LITE. SEGURIDAD ELECTR\u00d3NICA: VENTA, INSPECCI\u00d3N. INSTALACI\u00d3N, PROGRAMACI\u00d3N, MONITOREO Y R.A.I. SEGURIDAD F\u00cdSICA Y ELECTR\u00d3NICA. Target Seguridad M\u00e1xima Ofrecemos servicios integrales mediante la fusi\u00f3n de equipos tecnol\u00f3gicos y recursos humanos altamente capacitados.\u00a0AI mismo tiempo, proporcionamos r\u00e1pida [&hellip;]<\/p>\n","protected":false},"author":1,"featured_media":0,"parent":0,"menu_order":0,"comment_status":"closed","ping_status":"closed","template":"elementor_header_footer","meta":{"footnotes":""},"class_list":["post-61","page","type-page","status-publish","hentry"],"_links":{"self":[{"href":"https:\/\/targetseguridad.com.ec\/wordpress\/wp-json\/wp\/v2\/pages\/61","targetHints":{"allow":["GET"]}}],"collection":[{"href":"https:\/\/targetseguridad.com.ec\/wordpress\/wp-json\/wp\/v2\/pages"}],"about":[{"href":"https:\/\/targetseguridad.com.ec\/wordpress\/wp-json\/wp\/v2\/types\/page"}],"author":[{"embeddable":true,"href":"https:\/\/targetseguridad.com.ec\/wordpress\/wp-json\/wp\/v2\/users\/1"}],"replies":[{"embeddable":true,"href":"https:\/\/targetseguridad.com.ec\/wordpress\/wp-json\/wp\/v2\/comments?post=61"}],"version-history":[{"count":20,"href":"https:\/\/targetseguridad.com.ec\/wordpress\/wp-json\/wp\/v2\/pages\/61\/revisions"}],"predecessor-version":[{"id":486,"href":"https:\/\/targetseguridad.com.ec\/wordpress\/wp-json\/wp\/v2\/pages\/61\/revisions\/486"}],"wp:attachment":[{"href":"https:\/\/targetseguridad.com.ec\/wordpress\/wp-json\/wp\/v2\/media?parent=61"}],"curies":[{"name":"wp","href":"https:\/\/api.w.org\/{rel}","templated":true}]}}